{"id":1178,"date":"2024-12-03T12:17:18","date_gmt":"2024-12-03T11:17:18","guid":{"rendered":"https:\/\/smaksak-lkpg.se\/?page_id=1178"},"modified":"2024-12-03T15:35:52","modified_gmt":"2024-12-03T14:35:52","slug":"nyarsskasse","status":"publish","type":"page","link":"https:\/\/smaksak-lkpg.se\/?page_id=1178","title":{"rendered":"Ny\u00e5rsskasse"},"content":{"rendered":"\t\t<div data-elementor-type=\"wp-page\" data-elementor-id=\"1178\" class=\"elementor elementor-1178\" data-elementor-post-type=\"page\">\n\t\t\t\t\t\t<section data-particle_enable=\"false\" data-particle-mobile-disabled=\"false\" class=\"elementor-section elementor-top-section elementor-element elementor-element-17a294e elementor-section-height-min-height elementor-section-boxed elementor-section-height-default elementor-section-items-middle\" data-id=\"17a294e\" data-element_type=\"section\" data-e-type=\"section\" data-settings=\"{&quot;background_background&quot;:&quot;classic&quot;}\">\n\t\t\t\t\t\t<div class=\"elementor-container elementor-column-gap-no\">\n\t\t\t\t\t<div class=\"elementor-column elementor-col-100 elementor-top-column elementor-element elementor-element-3579df5\" data-id=\"3579df5\" data-element_type=\"column\" data-e-type=\"column\">\n\t\t\t<div class=\"elementor-widget-wrap elementor-element-populated\">\n\t\t\t\t\t\t<div class=\"elementor-element elementor-element-a79f693 elementor-widget elementor-widget-menu-anchor\" data-id=\"a79f693\" data-element_type=\"widget\" data-e-type=\"widget\" data-widget_type=\"menu-anchor.default\">\n\t\t\t\t<div class=\"elementor-widget-container\">\n\t\t\t\t\t\t\t<div class=\"elementor-menu-anchor\" id=\"hem\"><\/div>\n\t\t\t\t\t\t<\/div>\n\t\t\t\t<\/div>\n\t\t\t\t<div class=\"elementor-element elementor-element-146f164 elementor-widget elementor-widget-heading\" data-id=\"146f164\" data-element_type=\"widget\" data-e-type=\"widget\" data-widget_type=\"heading.default\">\n\t\t\t\t<div class=\"elementor-widget-container\">\n\t\t\t\t\t<h2 class=\"elementor-heading-title elementor-size-default\">.<\/h2>\t\t\t\t<\/div>\n\t\t\t\t<\/div>\n\t\t\t\t\t<\/div>\n\t\t<\/div>\n\t\t\t\t\t<\/div>\n\t\t<\/section>\n\t\t\t\t<section data-particle_enable=\"false\" data-particle-mobile-disabled=\"false\" class=\"elementor-section elementor-top-section elementor-element elementor-element-225eaf6 elementor-section-full_width elementor-section-height-default elementor-section-height-default\" data-id=\"225eaf6\" data-element_type=\"section\" data-e-type=\"section\" data-settings=\"{&quot;background_background&quot;:&quot;classic&quot;}\">\n\t\t\t\t\t\t<div class=\"elementor-container elementor-column-gap-no\">\n\t\t\t\t\t<div class=\"elementor-column elementor-col-100 elementor-top-column elementor-element elementor-element-81f8117\" data-id=\"81f8117\" data-element_type=\"column\" data-e-type=\"column\">\n\t\t\t<div class=\"elementor-widget-wrap elementor-element-populated\">\n\t\t\t\t\t\t<section data-particle_enable=\"false\" data-particle-mobile-disabled=\"false\" class=\"elementor-section elementor-inner-section elementor-element elementor-element-105351c elementor-section-boxed elementor-section-height-default elementor-section-height-default\" data-id=\"105351c\" data-element_type=\"section\" data-e-type=\"section\">\n\t\t\t\t\t\t<div class=\"elementor-container elementor-column-gap-default\">\n\t\t\t\t\t<div class=\"elementor-column elementor-col-100 elementor-inner-column elementor-element elementor-element-48ba197\" data-id=\"48ba197\" data-element_type=\"column\" data-e-type=\"column\">\n\t\t\t<div class=\"elementor-widget-wrap elementor-element-populated\">\n\t\t\t\t\t\t<div class=\"elementor-element elementor-element-4dbffc3 elementor-widget elementor-widget-heading\" data-id=\"4dbffc3\" data-element_type=\"widget\" data-e-type=\"widget\" data-widget_type=\"heading.default\">\n\t\t\t\t<div class=\"elementor-widget-container\">\n\t\t\t\t\t<h2 class=\"elementor-heading-title elementor-size-default\">Ny\u00e5rskassen<\/h2>\t\t\t\t<\/div>\n\t\t\t\t<\/div>\n\t\t\t\t<div class=\"elementor-element elementor-element-3332948 elementor-widget elementor-widget-text-editor\" data-id=\"3332948\" data-element_type=\"widget\" data-e-type=\"widget\" data-widget_type=\"text-editor.default\">\n\t\t\t\t<div class=\"elementor-widget-container\">\n\t\t\t\t\t\t\t\t\t<p>G\u00f6r ny\u00e5r till en smakfull upplevelse utan stress i k\u00f6ket. Best\u00e4ll SMAKSAKs 3-r\u00e4tters ny\u00e5rskasse med klassiska ny\u00e5rsr\u00e4tter. Maten \u00e4r till 95% f\u00e4rdiglagad och levereras kall, tillsammans med instruktioner f\u00f6r de sista momenten inf\u00f6r middagen.<\/p><p>Boka senast 29\/12 och h\u00e4mta din kasse p\u00e5 ny\u00e5rsafton mellan kl. 13.00\u201314.30<\/p>\t\t\t\t\t\t\t\t<\/div>\n\t\t\t\t<\/div>\n\t\t\t\t<div class=\"elementor-element elementor-element-9d55d01 elementor-align-center elementor-widget elementor-widget-button\" data-id=\"9d55d01\" data-element_type=\"widget\" data-e-type=\"widget\" data-widget_type=\"button.default\">\n\t\t\t\t<div class=\"elementor-widget-container\">\n\t\t\t\t\t\t\t\t\t<div class=\"elementor-button-wrapper\">\n\t\t\t\t\t<a class=\"elementor-button elementor-button-link elementor-size-sm\" href=\"https:\/\/order.floworder.se\/smaksak\/dayandtime\">\n\t\t\t\t\t\t<span class=\"elementor-button-content-wrapper\">\n\t\t\t\t\t\t\t\t\t<span class=\"elementor-button-text\">Best\u00e4ll ny\u00e5rskassen h\u00e4r<\/span>\n\t\t\t\t\t<\/span>\n\t\t\t\t\t<\/a>\n\t\t\t\t<\/div>\n\t\t\t\t\t\t\t\t<\/div>\n\t\t\t\t<\/div>\n\t\t\t\t\t<\/div>\n\t\t<\/div>\n\t\t\t\t\t<\/div>\n\t\t<\/section>\n\t\t\t\t\t<\/div>\n\t\t<\/div>\n\t\t\t\t\t<\/div>\n\t\t<\/section>\n\t\t\t\t<section data-particle_enable=\"false\" data-particle-mobile-disabled=\"false\" class=\"elementor-section elementor-top-section elementor-element elementor-element-ceb09e9 elementor-section-boxed elementor-section-height-default elementor-section-height-default\" data-id=\"ceb09e9\" data-element_type=\"section\" data-e-type=\"section\">\n\t\t\t\t\t\t<div class=\"elementor-container elementor-column-gap-wider\">\n\t\t\t\t\t<div class=\"elementor-column elementor-col-33 elementor-top-column elementor-element elementor-element-3d490fc\" data-id=\"3d490fc\" data-element_type=\"column\" data-e-type=\"column\">\n\t\t\t<div class=\"elementor-widget-wrap elementor-element-populated\">\n\t\t\t\t\t\t<div class=\"elementor-element elementor-element-8fd8b73 elementor-widget elementor-widget-text-editor\" data-id=\"8fd8b73\" data-element_type=\"widget\" data-e-type=\"widget\" data-widget_type=\"text-editor.default\">\n\t\t\t\t<div class=\"elementor-widget-container\">\n\t\t\t\t\t\t\t\t\t<h3>Ny\u00e5rsp\u00e5se K\u00f6tt<\/h3>\n<p><strong>F\u00f6rr\u00e4tt:<\/strong><br>Klassisk toast skagen serveras med sm\u00f6rstekt kavring. Toppas med l\u00f6jrom.<\/p>\n<p><strong>Varmr\u00e4tt:<\/strong><br>Oxfil\u00e9 Tournedo<br>Serveras med klassisk fempeppars\u00e5s, baconlindad haricot vertes, rostade tomater och r\u00f6sti.<\/p>\n<p><strong>Dessert:<\/strong><br>Vaniljpannacotta. Serveras med myltade skogsb\u00e4r och karamelliserad vit choklad.<span style=\"font-family: inherit; font-size: 1rem;\">&nbsp;<\/span><\/p>\n<h6><br><\/h6><h6>499 KR \/ PERSON<\/h6>\t\t\t\t\t\t\t\t<\/div>\n\t\t\t\t<\/div>\n\t\t\t\t\t<\/div>\n\t\t<\/div>\n\t\t\t\t<div class=\"elementor-column elementor-col-33 elementor-top-column elementor-element elementor-element-8dfa527\" data-id=\"8dfa527\" data-element_type=\"column\" data-e-type=\"column\">\n\t\t\t<div class=\"elementor-widget-wrap elementor-element-populated\">\n\t\t\t\t\t\t<div class=\"elementor-element elementor-element-ac84f2b elementor-widget elementor-widget-text-editor\" data-id=\"ac84f2b\" data-element_type=\"widget\" data-e-type=\"widget\" data-widget_type=\"text-editor.default\">\n\t\t\t\t<div class=\"elementor-widget-container\">\n\t\t\t\t\t\t\t\t\t<h3>Ny\u00e5rsp\u00e5se Fisk<\/h3><p><strong>F\u00f6rr\u00e4tt:<\/strong><br \/>Klassisk toast skagen serveras med sm\u00f6rstekt kavring. Toppas med l\u00f6jrom.<\/p><p><strong>Varmr\u00e4tt:<\/strong><br \/>Halstrad torskrygg<br \/>Serveras med rostad f\u00e4nk\u00e5l och tomater, skaldjurveloute och r\u00f6sti.<\/p><p><strong>Dessert:<\/strong><br \/>Vaniljpannacotta. Serveras med myltade skogsb\u00e4r och karamelliserad vit choklad.<span style=\"font-family: inherit; font-size: 1rem;\">\u00a0<\/span><\/p><h6>\u00a0<\/h6><h6>499 KR \/ PERSON<\/h6>\t\t\t\t\t\t\t\t<\/div>\n\t\t\t\t<\/div>\n\t\t\t\t\t<\/div>\n\t\t<\/div>\n\t\t\t\t<div class=\"elementor-column elementor-col-33 elementor-top-column elementor-element elementor-element-4557981\" data-id=\"4557981\" data-element_type=\"column\" data-e-type=\"column\">\n\t\t\t<div class=\"elementor-widget-wrap elementor-element-populated\">\n\t\t\t\t\t\t<div class=\"elementor-element elementor-element-4b8cc01 elementor-widget elementor-widget-text-editor\" data-id=\"4b8cc01\" data-element_type=\"widget\" data-e-type=\"widget\" data-widget_type=\"text-editor.default\">\n\t\t\t\t<div class=\"elementor-widget-container\">\n\t\t\t\t\t\t\t\t\t<h3>Ny\u00e5rsp\u00e5se Vegansk<\/h3><p><strong>F\u00f6rr\u00e4tt:<\/strong><br \/>R\u00f6dbetscarpaccio<br \/>Serveras med vegansk fetaostkr\u00e4m, ruccola och rostade pinjen\u00f6tter.<\/p><p><strong>Varmr\u00e4tt:<\/strong><br \/>Vegansk \u00f6rtbiff<br \/>Serveras med picklade kantareller, \u00f6rtcreme och r\u00f6sti.<\/p><p><strong>Dessert:<\/strong><br \/>Vegansk vaniljpanacotta<span style=\"font-family: inherit; font-size: 1rem;\">\u00a0<\/span><\/p><h6>\u00a0<\/h6><h6>449 KR \/ PERSON<\/h6>\t\t\t\t\t\t\t\t<\/div>\n\t\t\t\t<\/div>\n\t\t\t\t\t<\/div>\n\t\t<\/div>\n\t\t\t\t\t<\/div>\n\t\t<\/section>\n\t\t\t\t<section data-particle_enable=\"false\" data-particle-mobile-disabled=\"false\" class=\"elementor-section elementor-top-section elementor-element elementor-element-8d1be2e elementor-section-boxed elementor-section-height-default elementor-section-height-default\" data-id=\"8d1be2e\" data-element_type=\"section\" data-e-type=\"section\">\n\t\t\t\t\t\t<div class=\"elementor-container elementor-column-gap-default\">\n\t\t\t\t\t<div class=\"elementor-column elementor-col-100 elementor-top-column elementor-element elementor-element-7bed1cd\" data-id=\"7bed1cd\" data-element_type=\"column\" data-e-type=\"column\">\n\t\t\t<div class=\"elementor-widget-wrap elementor-element-populated\">\n\t\t\t\t\t\t<section data-particle_enable=\"false\" data-particle-mobile-disabled=\"false\" class=\"elementor-section elementor-inner-section elementor-element elementor-element-f8a1d61 elementor-section-boxed elementor-section-height-default elementor-section-height-default\" data-id=\"f8a1d61\" data-element_type=\"section\" data-e-type=\"section\">\n\t\t\t\t\t\t<div class=\"elementor-container elementor-column-gap-default\">\n\t\t\t\t\t<div class=\"elementor-column elementor-col-33 elementor-inner-column elementor-element elementor-element-ae3f30a\" data-id=\"ae3f30a\" data-element_type=\"column\" data-e-type=\"column\">\n\t\t\t<div class=\"elementor-widget-wrap elementor-element-populated\">\n\t\t\t\t\t\t<div class=\"elementor-element elementor-element-a2bbab7 elementor-widget elementor-widget-image\" data-id=\"a2bbab7\" data-element_type=\"widget\" data-e-type=\"widget\" data-widget_type=\"image.default\">\n\t\t\t\t<div class=\"elementor-widget-container\">\n\t\t\t\t\t\t\t\t\t\t\t\t\t\t\t<img fetchpriority=\"high\" decoding=\"async\" width=\"683\" height=\"1024\" src=\"https:\/\/smaksak-lkpg.se\/wp-content\/uploads\/2024\/12\/DSC06046-683x1024.jpeg\" class=\"attachment-large size-large wp-image-1184\" alt=\"\" srcset=\"https:\/\/smaksak-lkpg.se\/wp-content\/uploads\/2024\/12\/DSC06046-683x1024.jpeg 683w, https:\/\/smaksak-lkpg.se\/wp-content\/uploads\/2024\/12\/DSC06046-200x300.jpeg 200w, https:\/\/smaksak-lkpg.se\/wp-content\/uploads\/2024\/12\/DSC06046-768x1152.jpeg 768w, https:\/\/smaksak-lkpg.se\/wp-content\/uploads\/2024\/12\/DSC06046-1024x1536.jpeg 1024w, https:\/\/smaksak-lkpg.se\/wp-content\/uploads\/2024\/12\/DSC06046-1365x2048.jpeg 1365w, https:\/\/smaksak-lkpg.se\/wp-content\/uploads\/2024\/12\/DSC06046-scaled.jpeg 1707w\" sizes=\"(max-width: 683px) 100vw, 683px\" \/>\t\t\t\t\t\t\t\t\t\t\t\t\t\t\t<\/div>\n\t\t\t\t<\/div>\n\t\t\t\t\t<\/div>\n\t\t<\/div>\n\t\t\t\t<div class=\"elementor-column elementor-col-33 elementor-inner-column elementor-element elementor-element-05fdba8\" data-id=\"05fdba8\" data-element_type=\"column\" data-e-type=\"column\">\n\t\t\t<div class=\"elementor-widget-wrap elementor-element-populated\">\n\t\t\t\t\t\t<div class=\"elementor-element elementor-element-2f351f5 elementor-widget elementor-widget-image\" data-id=\"2f351f5\" data-element_type=\"widget\" data-e-type=\"widget\" data-widget_type=\"image.default\">\n\t\t\t\t<div class=\"elementor-widget-container\">\n\t\t\t\t\t\t\t\t\t\t\t\t\t\t\t<img decoding=\"async\" width=\"683\" height=\"1024\" src=\"https:\/\/smaksak-lkpg.se\/wp-content\/uploads\/2024\/12\/DSC06100-683x1024.jpeg\" class=\"attachment-large size-large wp-image-1188\" alt=\"\" srcset=\"https:\/\/smaksak-lkpg.se\/wp-content\/uploads\/2024\/12\/DSC06100-683x1024.jpeg 683w, https:\/\/smaksak-lkpg.se\/wp-content\/uploads\/2024\/12\/DSC06100-200x300.jpeg 200w, https:\/\/smaksak-lkpg.se\/wp-content\/uploads\/2024\/12\/DSC06100-768x1152.jpeg 768w, https:\/\/smaksak-lkpg.se\/wp-content\/uploads\/2024\/12\/DSC06100-1024x1536.jpeg 1024w, https:\/\/smaksak-lkpg.se\/wp-content\/uploads\/2024\/12\/DSC06100-1365x2048.jpeg 1365w, https:\/\/smaksak-lkpg.se\/wp-content\/uploads\/2024\/12\/DSC06100-scaled.jpeg 1707w\" sizes=\"(max-width: 683px) 100vw, 683px\" \/>\t\t\t\t\t\t\t\t\t\t\t\t\t\t\t<\/div>\n\t\t\t\t<\/div>\n\t\t\t\t\t<\/div>\n\t\t<\/div>\n\t\t\t\t<div class=\"elementor-column elementor-col-33 elementor-inner-column elementor-element elementor-element-207ef59\" data-id=\"207ef59\" data-element_type=\"column\" data-e-type=\"column\">\n\t\t\t<div class=\"elementor-widget-wrap elementor-element-populated\">\n\t\t\t\t\t\t<div class=\"elementor-element elementor-element-c0cffa1 elementor-widget elementor-widget-image\" data-id=\"c0cffa1\" data-element_type=\"widget\" data-e-type=\"widget\" data-widget_type=\"image.default\">\n\t\t\t\t<div class=\"elementor-widget-container\">\n\t\t\t\t\t\t\t\t\t\t\t\t\t\t\t<img decoding=\"async\" width=\"683\" height=\"1024\" src=\"https:\/\/smaksak-lkpg.se\/wp-content\/uploads\/2024\/12\/DSC06090-683x1024.jpeg\" class=\"attachment-large size-large wp-image-1190\" alt=\"\" srcset=\"https:\/\/smaksak-lkpg.se\/wp-content\/uploads\/2024\/12\/DSC06090-683x1024.jpeg 683w, https:\/\/smaksak-lkpg.se\/wp-content\/uploads\/2024\/12\/DSC06090-200x300.jpeg 200w, https:\/\/smaksak-lkpg.se\/wp-content\/uploads\/2024\/12\/DSC06090-768x1152.jpeg 768w, https:\/\/smaksak-lkpg.se\/wp-content\/uploads\/2024\/12\/DSC06090-1024x1536.jpeg 1024w, https:\/\/smaksak-lkpg.se\/wp-content\/uploads\/2024\/12\/DSC06090-1365x2048.jpeg 1365w, https:\/\/smaksak-lkpg.se\/wp-content\/uploads\/2024\/12\/DSC06090-scaled.jpeg 1707w\" sizes=\"(max-width: 683px) 100vw, 683px\" \/>\t\t\t\t\t\t\t\t\t\t\t\t\t\t\t<\/div>\n\t\t\t\t<\/div>\n\t\t\t\t\t<\/div>\n\t\t<\/div>\n\t\t\t\t\t<\/div>\n\t\t<\/section>\n\t\t\t\t\t<\/div>\n\t\t<\/div>\n\t\t\t\t\t<\/div>\n\t\t<\/section>\n\t\t\t\t<\/div>\n\t\t","protected":false},"excerpt":{"rendered":"<p>. Ny\u00e5rskassen G\u00f6r ny\u00e5r till en smakfull upplevelse utan stress i k\u00f6ket. Best\u00e4ll SMAKSAKs 3-r\u00e4tters ny\u00e5rskasse med klassiska ny\u00e5rsr\u00e4tter. Maten \u00e4r till 95% f\u00e4rdiglagad och levereras kall, tillsammans med instruktioner f\u00f6r de sista momenten inf\u00f6r middagen. Boka senast 29\/12 och h\u00e4mta din kasse p\u00e5 ny\u00e5rsafton mellan kl. 13.00\u201314.30 Best\u00e4ll ny\u00e5rskassen h\u00e4r Ny\u00e5rsp\u00e5se K\u00f6tt F\u00f6rr\u00e4tt:Klassisk toast [&hellip;]<\/p>\n","protected":false},"author":5,"featured_media":0,"parent":0,"menu_order":0,"comment_status":"closed","ping_status":"closed","template":"","meta":{"footnotes":""},"class_list":["post-1178","page","type-page","status-publish","hentry"],"_links":{"self":[{"href":"https:\/\/smaksak-lkpg.se\/index.php?rest_route=\/wp\/v2\/pages\/1178","targetHints":{"allow":["GET"]}}],"collection":[{"href":"https:\/\/smaksak-lkpg.se\/index.php?rest_route=\/wp\/v2\/pages"}],"about":[{"href":"https:\/\/smaksak-lkpg.se\/index.php?rest_route=\/wp\/v2\/types\/page"}],"author":[{"embeddable":true,"href":"https:\/\/smaksak-lkpg.se\/index.php?rest_route=\/wp\/v2\/users\/5"}],"replies":[{"embeddable":true,"href":"https:\/\/smaksak-lkpg.se\/index.php?rest_route=%2Fwp%2Fv2%2Fcomments&post=1178"}],"version-history":[{"count":29,"href":"https:\/\/smaksak-lkpg.se\/index.php?rest_route=\/wp\/v2\/pages\/1178\/revisions"}],"predecessor-version":[{"id":1340,"href":"https:\/\/smaksak-lkpg.se\/index.php?rest_route=\/wp\/v2\/pages\/1178\/revisions\/1340"}],"wp:attachment":[{"href":"https:\/\/smaksak-lkpg.se\/index.php?rest_route=%2Fwp%2Fv2%2Fmedia&parent=1178"}],"curies":[{"name":"wp","href":"https:\/\/api.w.org\/{rel}","templated":true}]}}